{"id":21,"date":"2019-06-12T09:08:58","date_gmt":"2019-06-12T09:08:58","guid":{"rendered":"https:\/\/ld-wp73.template-help.com\/wordpress\/prod_1680\/v1\/?page_id=21"},"modified":"2025-02-24T13:32:37","modified_gmt":"2025-02-24T12:32:37","slug":"home","status":"publish","type":"page","link":"https:\/\/grundschule-flintsbach.de\/","title":{"rendered":"Home"},"content":{"rendered":"\t\t<div data-elementor-type=\"wp-post\" data-elementor-id=\"21\" class=\"elementor elementor-21\">\n\t\t\t\t\t\t<section class=\"elementor-section elementor-top-section elementor-element elementor-element-f7045e8 elementor-section-boxed elementor-section-height-default elementor-section-height-default\" data-id=\"f7045e8\" data-element_type=\"section\" data-settings=\"{&quot;jet_parallax_layout_list&quot;:[{&quot;jet_parallax_layout_image&quot;:{&quot;url&quot;:&quot;&quot;,&quot;id&quot;:&quot;&quot;,&quot;size&quot;:&quot;&quot;},&quot;_id&quot;:&quot;d955466&quot;,&quot;jet_parallax_layout_image_tablet&quot;:{&quot;url&quot;:&quot;&quot;,&quot;id&quot;:&quot;&quot;,&quot;size&quot;:&quot;&quot;},&quot;jet_parallax_layout_image_mobile&quot;:{&quot;url&quot;:&quot;&quot;,&quot;id&quot;:&quot;&quot;,&quot;size&quot;:&quot;&quot;},&quot;jet_parallax_layout_speed&quot;:{&quot;unit&quot;:&quot;%&quot;,&quot;size&quot;:50,&quot;sizes&quot;:[]},&quot;jet_parallax_layout_type&quot;:&quot;scroll&quot;,&quot;jet_parallax_layout_direction&quot;:null,&quot;jet_parallax_layout_fx_direction&quot;:null,&quot;jet_parallax_layout_z_index&quot;:&quot;&quot;,&quot;jet_parallax_layout_bg_x&quot;:50,&quot;jet_parallax_layout_bg_x_tablet&quot;:&quot;&quot;,&quot;jet_parallax_layout_bg_x_mobile&quot;:&quot;&quot;,&quot;jet_parallax_layout_bg_y&quot;:50,&quot;jet_parallax_layout_bg_y_tablet&quot;:&quot;&quot;,&quot;jet_parallax_layout_bg_y_mobile&quot;:&quot;&quot;,&quot;jet_parallax_layout_bg_size&quot;:&quot;auto&quot;,&quot;jet_parallax_layout_bg_size_tablet&quot;:&quot;&quot;,&quot;jet_parallax_layout_bg_size_mobile&quot;:&quot;&quot;,&quot;jet_parallax_layout_animation_prop&quot;:&quot;transform&quot;,&quot;jet_parallax_layout_on&quot;:[&quot;desktop&quot;,&quot;tablet&quot;]}],&quot;background_background&quot;:&quot;classic&quot;}\">\n\t\t\t\t\t\t<div class=\"elementor-container elementor-column-gap-no\">\n\t\t\t\t\t<div class=\"elementor-column elementor-col-100 elementor-top-column elementor-element elementor-element-1f675be\" data-id=\"1f675be\" data-element_type=\"column\">\n\t\t\t<div class=\"elementor-widget-wrap elementor-element-populated\">\n\t\t\t\t\t\t<div class=\"elementor-element elementor-element-3669e62 elementor-widget elementor-widget-spacer\" data-id=\"3669e62\" data-element_type=\"widget\" data-widget_type=\"spacer.default\">\n\t\t\t\t<div class=\"elementor-widget-container\">\n\t\t\t\t\t<div class=\"elementor-spacer\">\n\t\t\t<div class=\"elementor-spacer-inner\"><\/div>\n\t\t<\/div>\n\t\t\t\t<\/div>\n\t\t\t\t<\/div>\n\t\t\t\t<div class=\"elementor-element elementor-element-8ea43b3 elementor-widget elementor-widget-heading\" data-id=\"8ea43b3\" data-element_type=\"widget\" data-widget_type=\"heading.default\">\n\t\t\t\t<div class=\"elementor-widget-container\">\n\t\t\t<h2 class=\"elementor-heading-title elementor-size-default\">Grundschule<br> Flintsbach am Inn<\/h2>\t\t<\/div>\n\t\t\t\t<\/div>\n\t\t\t\t<div class=\"elementor-element elementor-element-b1ea955 elementor-widget__width-initial elementor-absolute elementor-widget elementor-widget-text-editor\" data-id=\"b1ea955\" data-element_type=\"widget\" data-settings=\"{&quot;_position&quot;:&quot;absolute&quot;}\" data-widget_type=\"text-editor.default\">\n\t\t\t\t<div class=\"elementor-widget-container\">\n\t\t\t\t\t\t\t<h2>Kinder brauchen<\/h2><ul><li><h4>einen Ort, an dem sie sich wohl und sicher f\u00fchlen,<\/h4><\/li><li><h4>vielf\u00e4ltige Aufgaben, an denen sie individuell wachsen k\u00f6nnen<\/h4><\/li><li><h4>und Vorbilder, an denen sie sich orientieren k\u00f6nnen.<\/h4><\/li><\/ul>\t\t\t\t\t\t<\/div>\n\t\t\t\t<\/div>\n\t\t\t\t<div class=\"elementor-element elementor-element-f4de37b elementor-widget elementor-widget-spacer\" data-id=\"f4de37b\" data-element_type=\"widget\" data-widget_type=\"spacer.default\">\n\t\t\t\t<div class=\"elementor-widget-container\">\n\t\t\t\t\t<div class=\"elementor-spacer\">\n\t\t\t<div class=\"elementor-spacer-inner\"><\/div>\n\t\t<\/div>\n\t\t\t\t<\/div>\n\t\t\t\t<\/div>\n\t\t\t\t<div class=\"elementor-element elementor-element-b4620ed elementor-widget elementor-widget-jet-button\" data-id=\"b4620ed\" data-element_type=\"widget\" data-widget_type=\"jet-button.default\">\n\t\t\t\t<div class=\"elementor-widget-container\">\n\t\t\t<div class=\"elementor-jet-button jet-elements\"><div class=\"jet-button__container\">\n\t<a class=\"jet-button__instance jet-button__instance--icon-left hover-effect-1\" href=\"https:\/\/grundschule-flintsbach.de\/unsere-schule\/\">\n\t\t<div class=\"jet-button__plane jet-button__plane-normal\"><\/div>\n\t\t<div class=\"jet-button__plane jet-button__plane-hover\"><\/div>\n\t\t<div class=\"jet-button__state jet-button__state-normal\">\n\t\t\t<span class=\"jet-button__label\">Unsere Schule!<\/span>\t\t<\/div>\n\t\t<div class=\"jet-button__state jet-button__state-hover\">\n\t\t\t<span class=\"jet-button__label\">Unsere Schule!<\/span>\t\t<\/div>\n\t<\/a>\n<\/div>\n<\/div>\t\t<\/div>\n\t\t\t\t<\/div>\n\t\t\t\t\t<\/div>\n\t\t<\/div>\n\t\t\t\t\t<\/div>\n\t\t<\/section>\n\t\t\t\t<section class=\"elementor-section elementor-top-section elementor-element elementor-element-4363ced elementor-section-boxed elementor-section-height-default elementor-section-height-default\" data-id=\"4363ced\" data-element_type=\"section\" data-settings=\"{&quot;jet_parallax_layout_list&quot;:[{&quot;jet_parallax_layout_image&quot;:{&quot;url&quot;:&quot;&quot;,&quot;id&quot;:&quot;&quot;,&quot;size&quot;:&quot;&quot;},&quot;_id&quot;:&quot;d955466&quot;,&quot;jet_parallax_layout_image_tablet&quot;:{&quot;url&quot;:&quot;&quot;,&quot;id&quot;:&quot;&quot;,&quot;size&quot;:&quot;&quot;},&quot;jet_parallax_layout_image_mobile&quot;:{&quot;url&quot;:&quot;&quot;,&quot;id&quot;:&quot;&quot;,&quot;size&quot;:&quot;&quot;},&quot;jet_parallax_layout_speed&quot;:{&quot;unit&quot;:&quot;%&quot;,&quot;size&quot;:50,&quot;sizes&quot;:[]},&quot;jet_parallax_layout_type&quot;:&quot;scroll&quot;,&quot;jet_parallax_layout_direction&quot;:null,&quot;jet_parallax_layout_fx_direction&quot;:null,&quot;jet_parallax_layout_z_index&quot;:&quot;&quot;,&quot;jet_parallax_layout_bg_x&quot;:50,&quot;jet_parallax_layout_bg_x_tablet&quot;:&quot;&quot;,&quot;jet_parallax_layout_bg_x_mobile&quot;:&quot;&quot;,&quot;jet_parallax_layout_bg_y&quot;:50,&quot;jet_parallax_layout_bg_y_tablet&quot;:&quot;&quot;,&quot;jet_parallax_layout_bg_y_mobile&quot;:&quot;&quot;,&quot;jet_parallax_layout_bg_size&quot;:&quot;auto&quot;,&quot;jet_parallax_layout_bg_size_tablet&quot;:&quot;&quot;,&quot;jet_parallax_layout_bg_size_mobile&quot;:&quot;&quot;,&quot;jet_parallax_layout_animation_prop&quot;:&quot;transform&quot;,&quot;jet_parallax_layout_on&quot;:[&quot;desktop&quot;,&quot;tablet&quot;]}],&quot;background_background&quot;:&quot;classic&quot;}\">\n\t\t\t\t\t\t<div class=\"elementor-container elementor-column-gap-no\">\n\t\t\t\t\t<div class=\"elementor-column elementor-col-100 elementor-top-column elementor-element elementor-element-cc8bab4\" data-id=\"cc8bab4\" data-element_type=\"column\">\n\t\t\t<div class=\"elementor-widget-wrap elementor-element-populated\">\n\t\t\t\t\t\t<div class=\"elementor-element elementor-element-7ec5cf0 elementor-widget elementor-widget-spacer\" data-id=\"7ec5cf0\" data-element_type=\"widget\" data-widget_type=\"spacer.default\">\n\t\t\t\t<div class=\"elementor-widget-container\">\n\t\t\t\t\t<div class=\"elementor-spacer\">\n\t\t\t<div class=\"elementor-spacer-inner\"><\/div>\n\t\t<\/div>\n\t\t\t\t<\/div>\n\t\t\t\t<\/div>\n\t\t\t\t<div class=\"elementor-element elementor-element-1f583e0 elementor-widget elementor-widget-heading\" data-id=\"1f583e0\" data-element_type=\"widget\" data-widget_type=\"heading.default\">\n\t\t\t\t<div class=\"elementor-widget-container\">\n\t\t\t<h3 class=\"elementor-heading-title elementor-size-default\">Schulleben<\/h3>\t\t<\/div>\n\t\t\t\t<\/div>\n\t\t\t\t<div class=\"elementor-element elementor-element-e76ee5d elementor-widget-divider--view-line elementor-widget elementor-widget-divider\" data-id=\"e76ee5d\" data-element_type=\"widget\" data-widget_type=\"divider.default\">\n\t\t\t\t<div class=\"elementor-widget-container\">\n\t\t\t\t\t<div class=\"elementor-divider\">\n\t\t\t<span class=\"elementor-divider-separator\">\n\t\t\t\t\t\t<\/span>\n\t\t<\/div>\n\t\t\t\t<\/div>\n\t\t\t\t<\/div>\n\t\t\t\t\t<\/div>\n\t\t<\/div>\n\t\t\t\t\t<\/div>\n\t\t<\/section>\n\t\t<div class=\"elementor-element elementor-element-2f1e672 e-flex e-con-boxed e-con e-parent\" data-id=\"2f1e672\" data-element_type=\"container\" data-settings=\"{&quot;jet_parallax_layout_list&quot;:[]}\">\n\t\t\t\t\t<div class=\"e-con-inner\">\n\t\t\t\t<div class=\"elementor-element elementor-element-94e43ea elementor-widget elementor-widget-jet-blog-smart-tiles\" data-id=\"94e43ea\" data-element_type=\"widget\" data-widget_type=\"jet-blog-smart-tiles.default\">\n\t\t\t\t<div class=\"elementor-widget-container\">\n\t\t\t<div class=\"elementor-jet-blog-smart-tiles jet-blog\"><div class=\"jet-smart-tiles-wrap\" data-slider-atts='{\"adaptiveHeight\":true,\"arrows\":false,\"prevArrow\":\"<i class=\\\"jet-arrow-prev jet-blog-arrow\\\"><svg width=\\\"24\\\" height=\\\"24\\\" viewBox=\\\"0 0 24 24\\\" fill=\\\"none\\\" xmlns=\\\"http:\\\/\\\/www.w3.org\\\/2000\\\/svg\\\"><path d=\\\"M14.625 5.3999L16.3 7.0749L11.35 12.0249L16.3 16.9749L14.625 18.6499L7.99999 12.0249L14.625 5.3999Z\\\" fill=\\\"#0F172A\\\"\\\/><\\\/svg><\\\/i>\",\"nextArrow\":\"<i class=\\\"jet-arrow-next jet-blog-arrow\\\"><svg width=\\\"24\\\" height=\\\"24\\\" viewBox=\\\"0 0 24 24\\\" fill=\\\"none\\\" xmlns=\\\"http:\\\/\\\/www.w3.org\\\/2000\\\/svg\\\"><path d=\\\"M9.37501 18.6001L7.70001 16.9251L12.65 11.9751L7.70001 7.0251L9.37501 5.3501L16 11.9751L9.37501 18.6001Z\\\" fill=\\\"#0F172A\\\"\\\/><\\\/svg><\\\/i>\",\"autoplay\":false,\"autoplaySpeed\":5000,\"rtl\":false}' dir=\"ltr\"><div class=\"jet-smart-tiles-slide\"><div class=\"jet-smart-tiles-slide__wrap layout-2-1-2\" ><div class=\"jet-smart-tiles\">\n\t<div class=\"jet-smart-tiles__box\" style=\"background-image:url('https:\/\/grundschule-flintsbach.de\/wp-content\/uploads\/2026\/04\/20260224_093835-1-scaled.jpg')\">\n\t\t<div class=\"jet-smart-tiles__terms\"><a href=\"https:\/\/grundschule-flintsbach.de\/category\/schulleben\/\" class=\"jet-smart-tiles__terms-link jet-smart-tiles__terms-link--1\">Schulleben<\/a><\/div>\t\t<div class=\"jet-smart-tiles__box-content\">\n\t\t\t<div class=\"jet-smart-tiles__box-content-inner\">\n\t\t\t\t<div class=\"jet-smart-tiles__meta\"><span class=\"post__date post-meta__item jet-smart-tiles__meta-item\"><span class=\"jet-smart-tiles__meta-icon jet-blog-icon\"><svg aria-hidden=\"true\" class=\"e-font-icon-svg e-fas-calendar-alt\" viewBox=\"0 0 448 512\" xmlns=\"http:\/\/www.w3.org\/2000\/svg\"><path d=\"M0 464c0 26.5 21.5 48 48 48h352c26.5 0 48-21.5 48-48V192H0v272zm320-196c0-6.6 5.4-12 12-12h40c6.6 0 12 5.4 12 12v40c0 6.6-5.4 12-12 12h-40c-6.6 0-12-5.4-12-12v-40zm0 128c0-6.6 5.4-12 12-12h40c6.6 0 12 5.4 12 12v40c0 6.6-5.4 12-12 12h-40c-6.6 0-12-5.4-12-12v-40zM192 268c0-6.6 5.4-12 12-12h40c6.6 0 12 5.4 12 12v40c0 6.6-5.4 12-12 12h-40c-6.6 0-12-5.4-12-12v-40zm0 128c0-6.6 5.4-12 12-12h40c6.6 0 12 5.4 12 12v40c0 6.6-5.4 12-12 12h-40c-6.6 0-12-5.4-12-12v-40zM64 268c0-6.6 5.4-12 12-12h40c6.6 0 12 5.4 12 12v40c0 6.6-5.4 12-12 12H76c-6.6 0-12-5.4-12-12v-40zm0 128c0-6.6 5.4-12 12-12h40c6.6 0 12 5.4 12 12v40c0 6.6-5.4 12-12 12H76c-6.6 0-12-5.4-12-12v-40zM400 64h-48V16c0-8.8-7.2-16-16-16h-32c-8.8 0-16 7.2-16 16v48H160V16c0-8.8-7.2-16-16-16h-32c-8.8 0-16 7.2-16 16v48H48C21.5 64 0 85.5 0 112v48h448v-48c0-26.5-21.5-48-48-48z\"><\/path><\/svg><\/span><span  class=\"post__date-link \" ><time datetime=\"2026-03-27T19:30:35+01:00\" title=\"2026-03-27T19:30:35+01:00\">27. M\u00e4rz 2026<\/time><\/span><\/span><\/div>\t\t\t\t\t\t\t\t<div class=\"jet-smart-tiles__box-title\">Projektwoche \u2013 Alltagskompetenzen \u2013 Haus- und Nutztiere<\/div>\t\t\t\t\t\t\t\t\t\t\t\t<div class=\"jet-smart-tiles__box-excerpt\">Projektwoche \u2013 Alltagskompetenzen \u2013 Haus- und Nutztiere Die zweite Jahrgangsstufe...<\/div>\t\t\t\t\t\t\t<\/div>\n\t\t<\/div>\n\t\t<a href=\"https:\/\/grundschule-flintsbach.de\/projektwoche-alltagskompetenzen-haus-und-nutztiere\/\" class=\"jet-smart-tiles__box-link\" aria-label=\"Projektwoche \u2013 Alltagskompetenzen \u2013 Haus- und Nutztiere\"><\/a>\n\t<\/div>\n<\/div><div class=\"jet-smart-tiles\">\n\t<div class=\"jet-smart-tiles__box\" style=\"background-image:url('https:\/\/grundschule-flintsbach.de\/wp-content\/uploads\/2026\/03\/IMG_9219-scaled.jpg')\">\n\t\t<div class=\"jet-smart-tiles__terms\"><a href=\"https:\/\/grundschule-flintsbach.de\/category\/schulleben\/\" class=\"jet-smart-tiles__terms-link jet-smart-tiles__terms-link--1\">Schulleben<\/a><\/div>\t\t<div class=\"jet-smart-tiles__box-content\">\n\t\t\t<div class=\"jet-smart-tiles__box-content-inner\">\n\t\t\t\t<div class=\"jet-smart-tiles__meta\"><span class=\"post__date post-meta__item jet-smart-tiles__meta-item\"><span class=\"jet-smart-tiles__meta-icon jet-blog-icon\"><svg aria-hidden=\"true\" class=\"e-font-icon-svg e-fas-calendar-alt\" viewBox=\"0 0 448 512\" xmlns=\"http:\/\/www.w3.org\/2000\/svg\"><path d=\"M0 464c0 26.5 21.5 48 48 48h352c26.5 0 48-21.5 48-48V192H0v272zm320-196c0-6.6 5.4-12 12-12h40c6.6 0 12 5.4 12 12v40c0 6.6-5.4 12-12 12h-40c-6.6 0-12-5.4-12-12v-40zm0 128c0-6.6 5.4-12 12-12h40c6.6 0 12 5.4 12 12v40c0 6.6-5.4 12-12 12h-40c-6.6 0-12-5.4-12-12v-40zM192 268c0-6.6 5.4-12 12-12h40c6.6 0 12 5.4 12 12v40c0 6.6-5.4 12-12 12h-40c-6.6 0-12-5.4-12-12v-40zm0 128c0-6.6 5.4-12 12-12h40c6.6 0 12 5.4 12 12v40c0 6.6-5.4 12-12 12h-40c-6.6 0-12-5.4-12-12v-40zM64 268c0-6.6 5.4-12 12-12h40c6.6 0 12 5.4 12 12v40c0 6.6-5.4 12-12 12H76c-6.6 0-12-5.4-12-12v-40zm0 128c0-6.6 5.4-12 12-12h40c6.6 0 12 5.4 12 12v40c0 6.6-5.4 12-12 12H76c-6.6 0-12-5.4-12-12v-40zM400 64h-48V16c0-8.8-7.2-16-16-16h-32c-8.8 0-16 7.2-16 16v48H160V16c0-8.8-7.2-16-16-16h-32c-8.8 0-16 7.2-16 16v48H48C21.5 64 0 85.5 0 112v48h448v-48c0-26.5-21.5-48-48-48z\"><\/path><\/svg><\/span><span  class=\"post__date-link \" ><time datetime=\"2026-02-13T16:04:03+01:00\" title=\"2026-02-13T16:04:03+01:00\">13. Februar 2026<\/time><\/span><\/span><\/div>\t\t\t\t\t\t\t\t<div class=\"jet-smart-tiles__box-title\">Spielestunde mit der Schulfamilie<\/div>\t\t\t\t\t\t\t\t\t\t\t\t<div class=\"jet-smart-tiles__box-excerpt\">Zum Abschluss unseres Projektes zur Medienkompetenz der 3. und 4....<\/div>\t\t\t\t\t\t\t<\/div>\n\t\t<\/div>\n\t\t<a href=\"https:\/\/grundschule-flintsbach.de\/spielestunde-mit-der-schulfamilie\/\" class=\"jet-smart-tiles__box-link\" aria-label=\"Spielestunde mit der Schulfamilie\"><\/a>\n\t<\/div>\n<\/div><div class=\"jet-smart-tiles\">\n\t<div class=\"jet-smart-tiles__box\" style=\"background-image:url('https:\/\/grundschule-flintsbach.de\/wp-content\/uploads\/2026\/03\/20260213_084241-scaled.jpg')\">\n\t\t<div class=\"jet-smart-tiles__terms\"><a href=\"https:\/\/grundschule-flintsbach.de\/category\/schulleben\/\" class=\"jet-smart-tiles__terms-link jet-smart-tiles__terms-link--1\">Schulleben<\/a><\/div>\t\t<div class=\"jet-smart-tiles__box-content\">\n\t\t\t<div class=\"jet-smart-tiles__box-content-inner\">\n\t\t\t\t<div class=\"jet-smart-tiles__meta\"><span class=\"post__date post-meta__item jet-smart-tiles__meta-item\"><span class=\"jet-smart-tiles__meta-icon jet-blog-icon\"><svg aria-hidden=\"true\" class=\"e-font-icon-svg e-fas-calendar-alt\" viewBox=\"0 0 448 512\" xmlns=\"http:\/\/www.w3.org\/2000\/svg\"><path d=\"M0 464c0 26.5 21.5 48 48 48h352c26.5 0 48-21.5 48-48V192H0v272zm320-196c0-6.6 5.4-12 12-12h40c6.6 0 12 5.4 12 12v40c0 6.6-5.4 12-12 12h-40c-6.6 0-12-5.4-12-12v-40zm0 128c0-6.6 5.4-12 12-12h40c6.6 0 12 5.4 12 12v40c0 6.6-5.4 12-12 12h-40c-6.6 0-12-5.4-12-12v-40zM192 268c0-6.6 5.4-12 12-12h40c6.6 0 12 5.4 12 12v40c0 6.6-5.4 12-12 12h-40c-6.6 0-12-5.4-12-12v-40zm0 128c0-6.6 5.4-12 12-12h40c6.6 0 12 5.4 12 12v40c0 6.6-5.4 12-12 12h-40c-6.6 0-12-5.4-12-12v-40zM64 268c0-6.6 5.4-12 12-12h40c6.6 0 12 5.4 12 12v40c0 6.6-5.4 12-12 12H76c-6.6 0-12-5.4-12-12v-40zm0 128c0-6.6 5.4-12 12-12h40c6.6 0 12 5.4 12 12v40c0 6.6-5.4 12-12 12H76c-6.6 0-12-5.4-12-12v-40zM400 64h-48V16c0-8.8-7.2-16-16-16h-32c-8.8 0-16 7.2-16 16v48H160V16c0-8.8-7.2-16-16-16h-32c-8.8 0-16 7.2-16 16v48H48C21.5 64 0 85.5 0 112v48h448v-48c0-26.5-21.5-48-48-48z\"><\/path><\/svg><\/span><span  class=\"post__date-link \" ><time datetime=\"2026-02-13T15:47:37+01:00\" title=\"2026-02-13T15:47:37+01:00\">13. Februar 2026<\/time><\/span><\/span><\/div>\t\t\t\t\t\t\t\t<div class=\"jet-smart-tiles__box-title\">Fasching in der Schule<\/div>\t\t\t\t\t\t\t\t\t\t\t\t<div class=\"jet-smart-tiles__box-excerpt\">Fasching in der Schule Auch in diesem Schuljahr durfte nat\u00fcrlich...<\/div>\t\t\t\t\t\t\t<\/div>\n\t\t<\/div>\n\t\t<a href=\"https:\/\/grundschule-flintsbach.de\/fasching-in-der-schule\/\" class=\"jet-smart-tiles__box-link\" aria-label=\"Fasching in der Schule\"><\/a>\n\t<\/div>\n<\/div><div class=\"jet-smart-tiles\">\n\t<div class=\"jet-smart-tiles__box\" style=\"background-image:url('https:\/\/grundschule-flintsbach.de\/wp-content\/uploads\/2026\/03\/IMG_9131-scaled.jpg')\">\n\t\t<div class=\"jet-smart-tiles__terms\"><a href=\"https:\/\/grundschule-flintsbach.de\/category\/schulleben\/\" class=\"jet-smart-tiles__terms-link jet-smart-tiles__terms-link--1\">Schulleben<\/a><\/div>\t\t<div class=\"jet-smart-tiles__box-content\">\n\t\t\t<div class=\"jet-smart-tiles__box-content-inner\">\n\t\t\t\t<div class=\"jet-smart-tiles__meta\"><span class=\"post__date post-meta__item jet-smart-tiles__meta-item\"><span class=\"jet-smart-tiles__meta-icon jet-blog-icon\"><svg aria-hidden=\"true\" class=\"e-font-icon-svg e-fas-calendar-alt\" viewBox=\"0 0 448 512\" xmlns=\"http:\/\/www.w3.org\/2000\/svg\"><path d=\"M0 464c0 26.5 21.5 48 48 48h352c26.5 0 48-21.5 48-48V192H0v272zm320-196c0-6.6 5.4-12 12-12h40c6.6 0 12 5.4 12 12v40c0 6.6-5.4 12-12 12h-40c-6.6 0-12-5.4-12-12v-40zm0 128c0-6.6 5.4-12 12-12h40c6.6 0 12 5.4 12 12v40c0 6.6-5.4 12-12 12h-40c-6.6 0-12-5.4-12-12v-40zM192 268c0-6.6 5.4-12 12-12h40c6.6 0 12 5.4 12 12v40c0 6.6-5.4 12-12 12h-40c-6.6 0-12-5.4-12-12v-40zm0 128c0-6.6 5.4-12 12-12h40c6.6 0 12 5.4 12 12v40c0 6.6-5.4 12-12 12h-40c-6.6 0-12-5.4-12-12v-40zM64 268c0-6.6 5.4-12 12-12h40c6.6 0 12 5.4 12 12v40c0 6.6-5.4 12-12 12H76c-6.6 0-12-5.4-12-12v-40zm0 128c0-6.6 5.4-12 12-12h40c6.6 0 12 5.4 12 12v40c0 6.6-5.4 12-12 12H76c-6.6 0-12-5.4-12-12v-40zM400 64h-48V16c0-8.8-7.2-16-16-16h-32c-8.8 0-16 7.2-16 16v48H160V16c0-8.8-7.2-16-16-16h-32c-8.8 0-16 7.2-16 16v48H48C21.5 64 0 85.5 0 112v48h448v-48c0-26.5-21.5-48-48-48z\"><\/path><\/svg><\/span><span  class=\"post__date-link \" ><time datetime=\"2026-02-09T15:58:48+01:00\" title=\"2026-02-09T15:58:48+01:00\">9. Februar 2026<\/time><\/span><\/span><\/div>\t\t\t\t\t\t\t\t<div class=\"jet-smart-tiles__box-title\">Projektwoche Medienkompetenz in der 3. und 4. Jahrgangsstufe<\/div>\t\t\t\t\t\t\t\t\t\t\t\t<div class=\"jet-smart-tiles__box-excerpt\">Projektwoche Medienkompetenz in der 3. und 4. Jahrgangsstufe Den sinnvollen...<\/div>\t\t\t\t\t\t\t<\/div>\n\t\t<\/div>\n\t\t<a href=\"https:\/\/grundschule-flintsbach.de\/projektwoche-medienkompetenz-in-der-3-und-4-jahrgangsstufe\/\" class=\"jet-smart-tiles__box-link\" aria-label=\"Projektwoche Medienkompetenz in der 3. und 4. Jahrgangsstufe\"><\/a>\n\t<\/div>\n<\/div><div class=\"jet-smart-tiles\">\n\t<div class=\"jet-smart-tiles__box\" style=\"background-image:url('https:\/\/grundschule-flintsbach.de\/wp-content\/uploads\/2026\/01\/Rathaus-1-scaled.jpg')\">\n\t\t<div class=\"jet-smart-tiles__terms\"><a href=\"https:\/\/grundschule-flintsbach.de\/category\/schulleben\/\" class=\"jet-smart-tiles__terms-link jet-smart-tiles__terms-link--1\">Schulleben<\/a><\/div>\t\t<div class=\"jet-smart-tiles__box-content\">\n\t\t\t<div class=\"jet-smart-tiles__box-content-inner\">\n\t\t\t\t<div class=\"jet-smart-tiles__meta\"><span class=\"post__date post-meta__item jet-smart-tiles__meta-item\"><span class=\"jet-smart-tiles__meta-icon jet-blog-icon\"><svg aria-hidden=\"true\" class=\"e-font-icon-svg e-fas-calendar-alt\" viewBox=\"0 0 448 512\" xmlns=\"http:\/\/www.w3.org\/2000\/svg\"><path d=\"M0 464c0 26.5 21.5 48 48 48h352c26.5 0 48-21.5 48-48V192H0v272zm320-196c0-6.6 5.4-12 12-12h40c6.6 0 12 5.4 12 12v40c0 6.6-5.4 12-12 12h-40c-6.6 0-12-5.4-12-12v-40zm0 128c0-6.6 5.4-12 12-12h40c6.6 0 12 5.4 12 12v40c0 6.6-5.4 12-12 12h-40c-6.6 0-12-5.4-12-12v-40zM192 268c0-6.6 5.4-12 12-12h40c6.6 0 12 5.4 12 12v40c0 6.6-5.4 12-12 12h-40c-6.6 0-12-5.4-12-12v-40zm0 128c0-6.6 5.4-12 12-12h40c6.6 0 12 5.4 12 12v40c0 6.6-5.4 12-12 12h-40c-6.6 0-12-5.4-12-12v-40zM64 268c0-6.6 5.4-12 12-12h40c6.6 0 12 5.4 12 12v40c0 6.6-5.4 12-12 12H76c-6.6 0-12-5.4-12-12v-40zm0 128c0-6.6 5.4-12 12-12h40c6.6 0 12 5.4 12 12v40c0 6.6-5.4 12-12 12H76c-6.6 0-12-5.4-12-12v-40zM400 64h-48V16c0-8.8-7.2-16-16-16h-32c-8.8 0-16 7.2-16 16v48H160V16c0-8.8-7.2-16-16-16h-32c-8.8 0-16 7.2-16 16v48H48C21.5 64 0 85.5 0 112v48h448v-48c0-26.5-21.5-48-48-48z\"><\/path><\/svg><\/span><span  class=\"post__date-link \" ><time datetime=\"2025-12-18T19:20:10+01:00\" title=\"2025-12-18T19:20:10+01:00\">18. Dezember 2025<\/time><\/span><\/span><\/div>\t\t\t\t\t\t\t\t<div class=\"jet-smart-tiles__box-title\">Besuch des Rathauses<\/div>\t\t\t\t\t\t\t\t\t\t\t\t<div class=\"jet-smart-tiles__box-excerpt\">Besuch des Rathauses Zwischen den Herbst- und den Weihnachtsferien setzte...<\/div>\t\t\t\t\t\t\t<\/div>\n\t\t<\/div>\n\t\t<a href=\"https:\/\/grundschule-flintsbach.de\/besuch-des-rathauses\/\" class=\"jet-smart-tiles__box-link\" aria-label=\"Besuch des Rathauses\"><\/a>\n\t<\/div>\n<\/div><\/div><\/div><\/div><\/div>\t\t<\/div>\n\t\t\t\t<\/div>\n\t\t\t\t\t<\/div>\n\t\t\t\t<\/div>\n\t\t\t\t<\/div>\n\t\t","protected":false},"excerpt":{"rendered":"<p>Grundschule Flintsbach am Inn Kinder brauchen einen Ort, an dem sie sich wohl und sicher f\u00fchlen, vielf\u00e4ltige Aufgaben, an denen sie individuell wachsen k\u00f6nnen und Vorbilder, an denen sie sich [&hellip;]<\/p>\n","protected":false},"author":1,"featured_media":0,"parent":0,"menu_order":0,"comment_status":"closed","ping_status":"closed","template":"page-templates\/fullwidth-content.php","meta":{"footnotes":""},"class_list":["post-21","page","type-page","status-publish","hentry"],"_links":{"self":[{"href":"https:\/\/grundschule-flintsbach.de\/wp-json\/wp\/v2\/pages\/21","targetHints":{"allow":["GET"]}}],"collection":[{"href":"https:\/\/grundschule-flintsbach.de\/wp-json\/wp\/v2\/pages"}],"about":[{"href":"https:\/\/grundschule-flintsbach.de\/wp-json\/wp\/v2\/types\/page"}],"author":[{"embeddable":true,"href":"https:\/\/grundschule-flintsbach.de\/wp-json\/wp\/v2\/users\/1"}],"replies":[{"embeddable":true,"href":"https:\/\/grundschule-flintsbach.de\/wp-json\/wp\/v2\/comments?post=21"}],"version-history":[{"count":115,"href":"https:\/\/grundschule-flintsbach.de\/wp-json\/wp\/v2\/pages\/21\/revisions"}],"predecessor-version":[{"id":1279,"href":"https:\/\/grundschule-flintsbach.de\/wp-json\/wp\/v2\/pages\/21\/revisions\/1279"}],"wp:attachment":[{"href":"https:\/\/grundschule-flintsbach.de\/wp-json\/wp\/v2\/media?parent=21"}],"curies":[{"name":"wp","href":"https:\/\/api.w.org\/{rel}","templated":true}]}}